{"id":41,"date":"2009-10-27T21:15:40","date_gmt":"2009-10-27T20:15:40","guid":{"rendered":"http:\/\/pe.wordpress.org\/?page_id=41"},"modified":"2016-01-21T06:58:11","modified_gmt":"2016-01-21T05:58:11","slug":"contact","status":"publish","type":"page","link":"https:\/\/pe.wordpress.org\/contact\/","title":{"rendered":"Contacto"},"content":{"rendered":"<p>Estimado usuario, antes de utilizar este formulario de contacto, tenga presente las siguientes condiciones:<\/p>\n<ul>\n<li><strong>No utilice este formulario para solicitar soporte o para solucionar alg\u00fan inconveniente en el funcionamiento de WordPress.<\/strong> Si necesita alg\u00fan alcance, por favor, utilice el formulario de los comentarios en el <a href=\"https:\/\/pe.wordpress.org\/news\/\">blog<\/a>, o visite los <a href=\"https:\/\/wordpress.org\/support\/\" target=\"_blank\">foros de WordPress.org<\/a> para encontrar alguna soluci\u00f3n. Pronto estaremos habilitando el foro de soporte de WordPress Per\u00fa.<\/li>\n<li>Utilice este formulario para <strong>solicitar alg\u00fan servicio particular o comunicaci\u00f3n<\/strong> con el equipo de WordPress Per\u00fa.<\/li>\n<li>Tambi\u00e9n puede utilizar este formulario para <strong>sugerir y\/o notificar<\/strong> acerca de alg\u00fan error en la traducci\u00f3n, especificando d\u00f3nde y en qu\u00e9 circunstancias aparece.<\/li>\n<\/ul>\n<p>Gracias, ahora s\u00ed, cu\u00e9ntenos&#8230;<\/p>\n<hr \/>\n","protected":false},"excerpt":{"rendered":"<p>Estimado usuario, antes de utilizar este formulario de contacto, tenga presente las siguientes condiciones: No utilice este formulario para solicitar soporte o para solucionar alg\u00fan inconveniente en el funcionamiento de WordPress. Si necesita alg\u00fan alcance, por favor, utilice el formulario de los comentarios en el blog, o visite los foros de WordPress.org para encontrar alguna [&hellip;]<\/p>\n","protected":false},"author":151324,"featured_media":0,"parent":0,"menu_order":0,"comment_status":"closed","ping_status":"closed","template":"contact.php","meta":{"_crdt_document":"","jetpack_post_was_ever_published":false,"footnotes":""},"class_list":["post-41","page","type-page","status-publish","hentry"],"jetpack_sharing_enabled":true,"_links":{"self":[{"href":"https:\/\/pe.wordpress.org\/wp-json\/wp\/v2\/pages\/41","targetHints":{"allow":["GET"]}}],"collection":[{"href":"https:\/\/pe.wordpress.org\/wp-json\/wp\/v2\/pages"}],"about":[{"href":"https:\/\/pe.wordpress.org\/wp-json\/wp\/v2\/types\/page"}],"replies":[{"embeddable":true,"href":"https:\/\/pe.wordpress.org\/wp-json\/wp\/v2\/comments?post=41"}],"version-history":[{"count":11,"href":"https:\/\/pe.wordpress.org\/wp-json\/wp\/v2\/pages\/41\/revisions"}],"predecessor-version":[{"id":470,"href":"https:\/\/pe.wordpress.org\/wp-json\/wp\/v2\/pages\/41\/revisions\/470"}],"author":[{"embeddable":true,"href":"https:\/\/pe.wordpress.org\/wp-json\/wporg\/v1\/users\/reyson"}],"wp:attachment":[{"href":"https:\/\/pe.wordpress.org\/wp-json\/wp\/v2\/media?parent=41"}],"curies":[{"name":"wp","href":"https:\/\/api.w.org\/{rel}","templated":true}]}}