{"id":130,"date":"2013-11-01T19:01:07","date_gmt":"2013-11-01T18:01:07","guid":{"rendered":"http:\/\/nn.wordpress.org\/?page_id=130"},"modified":"2013-11-01T19:01:07","modified_gmt":"2013-11-01T18:01:07","slug":"contact","status":"publish","type":"page","link":"https:\/\/nn.wordpress.org\/contact\/","title":{"rendered":"Kontakt oss"},"content":{"rendered":"<p>Me svarar p\u00e5 alle innspel som kjem her p\u00e5 nn.wordpress.org, og det er ein fin m\u00e5te \u00e5 kontakte oss p\u00e5, anten du vil vera med \u00e5 omsetja eller har innspel til omsetjingane.<\/p>\n","protected":false},"excerpt":{"rendered":"<p>Me svarar p\u00e5 alle innspel som kjem her p\u00e5 nn.wordpress.org, og det er ein fin m\u00e5te \u00e5 kontakte oss p\u00e5, anten du vil vera med \u00e5 omsetja eller har innspel til omsetjingane.<\/p>\n","protected":false},"author":36590,"featured_media":0,"parent":0,"menu_order":0,"comment_status":"open","ping_status":"open","template":"","meta":{"_crdt_document":"","jetpack_post_was_ever_published":false,"footnotes":""},"class_list":["post-130","page","type-page","status-publish","hentry"],"jetpack_sharing_enabled":true,"_links":{"self":[{"href":"https:\/\/nn.wordpress.org\/wp-json\/wp\/v2\/pages\/130","targetHints":{"allow":["GET"]}}],"collection":[{"href":"https:\/\/nn.wordpress.org\/wp-json\/wp\/v2\/pages"}],"about":[{"href":"https:\/\/nn.wordpress.org\/wp-json\/wp\/v2\/types\/page"}],"author":[{"embeddable":true,"href":"https:\/\/nn.wordpress.org\/wp-json\/wp\/v2\/users\/36590"}],"replies":[{"embeddable":true,"href":"https:\/\/nn.wordpress.org\/wp-json\/wp\/v2\/comments?post=130"}],"version-history":[{"count":1,"href":"https:\/\/nn.wordpress.org\/wp-json\/wp\/v2\/pages\/130\/revisions"}],"predecessor-version":[{"id":132,"href":"https:\/\/nn.wordpress.org\/wp-json\/wp\/v2\/pages\/130\/revisions\/132"}],"wp:attachment":[{"href":"https:\/\/nn.wordpress.org\/wp-json\/wp\/v2\/media?parent=130"}],"curies":[{"name":"wp","href":"https:\/\/api.w.org\/{rel}","templated":true}]}}