{"id":304,"date":"2017-06-15T11:10:05","date_gmt":"2017-06-15T09:10:05","guid":{"rendered":"https:\/\/nb.wordpress.org\/?page_id=304"},"modified":"2019-01-21T18:20:28","modified_gmt":"2019-01-21T17:20:28","slug":"delta","status":"publish","type":"page","link":"https:\/\/nb.wordpress.org\/delta\/","title":{"rendered":"Bli med og gj\u00f8r WordPress bedre"},"content":{"rendered":"<p><strong>Du er hjertelig velkommen!<\/strong><\/p>\n<p>Deltagelse er pulsen i ethvert fellesskap.<\/p>\n<p>WordPress er mer enn fri programvare: Det er et verdensomspennende samfunn og et kjempestort \u00f8kosystem. Tusenvis av brukere rundt om i verden hjelper til med \u00e5 utvikle WordPress, gj\u00f8re forbedringer, lage dokumentasjon, drive brukerst\u00f8tte og s\u00e5 videre. Gjennom deltakelsen \u00f8ker nytten og verdien for alle.<\/p>\n<p>Du merker det sikkert: Vi trenger hver eneste hjelpende h\u00e5nd. Alle er hjertelig velkommen til \u00e5 delta. Det er mange omr\u00e5der hvor ditt bidrag vil bli verdsatt, for eksempel:<\/p>\n<ul>\n<li><strong><a href=\"https:\/\/translate.wordpress.org\/locale\/nb\">Oversettelser<\/a> <\/strong>\u2013 WordPress, utvideler og temaer beh\u00f8ver norske oversettelser, og stadige forbedringer.<\/li>\n<li><strong><a href=\"https:\/\/make.wordpress.org\/docs\/\">Dokumentasjon<\/a> <\/strong>\u2013 Skriv nye eller kompletterende brukerinstruksjoner.<\/li>\n<li><strong><a href=\"https:\/\/wordpress.org\/support\/\">Brukerst\u00f8tte og hjelp<\/a> <\/strong>\u2013 Mange brukere beh\u00f8ver ditt bidrag i forumet. Har du en l\u00f8sning, en bra lenke, et tips eller en erfaring \u00e5 dele?<\/li>\n<li><strong>Hjelp til p\u00e5 <a href=\"https:\/\/central.wordcamp.org\/\">WordCamps<\/a> og <a href=\"https:\/\/nb.wordpress.org\/meetup\/\">Meetups<\/a> <\/strong>\u2013 Det er godt \u00e5 ha flere hender til \u00e5 hjelpe til med \u00e5 f\u00e5 WordPressere til \u00e5 m\u00f8tes og f\u00e5 arrangementene til \u00e5 g\u00e5 som smurt.<\/li>\n<li><strong>Organiser en <a href=\"https:\/\/central.wordcamp.org\/\">WordCamp<\/a> eller en <\/strong><a href=\"https:\/\/nb.wordpress.org\/meetup\/\"><strong>Meetup<\/strong><\/a> \u2013 Lag i stand et arrangement hvor WordPressere kan m\u00f8te andre WordPressere og utveksle erfaringer, tips og r\u00e5d.<\/li>\n<li><strong>Utvikle en <\/strong><a href=\"https:\/\/make.wordpress.org\/plugins\/\"><strong>utvidelse<\/strong><\/a> \u2013 Det er med enn 50 000 frie utvidelser i den offisielle <a href=\"https:\/\/wordpress.org\/plugins\/\">WordPress-katalogen<\/a> alene. Mange vil sette pris p\u00e5 en hjelpende h\u00e5nd, eller det kan v\u00e6re du har en id\u00e9 til funksjonalitet ingen andre har laget enda.<\/li>\n<li><strong>Designe og utvikle et <\/strong><a href=\"https:\/\/make.wordpress.org\/themes\/\"><strong>tema<\/strong><\/a> \u2013 Er du en designer eller frontend-utviklder, har du her muligheten til \u00e5 vise fram hva du kan.<\/li>\n<li><strong>Utvikle <\/strong><a href=\"https:\/\/make.wordpress.org\/core\/handbook\/\"><strong>WordPress<\/strong><\/a> \u2013 Bidra til WordPress-kjernen ved \u00e5 delta i <a href=\"https:\/\/core.trac.wordpress.org\/\">Trac<\/a>. Her kan du opprette tr\u00e5der med ting som b\u00f8r gj\u00f8res, kommentere, sende inn kodefikser etc.<\/li>\n<\/ul>\n<p>Enten du er helt ny eller erfaren med deltakelse i WordPress-fellesskapet anbefaler vi deg \u00e5 bli med p\u00e5 <a href=\"https:\/\/nb.wordpress.org\/slack\/\">Slack<\/a>\u00a0eller <a href=\"https:\/\/www.facebook.com\/groups\/wpnorge\/\">Facebook-gruppen<\/a> hvor du kan m\u00f8te likesinnede.<\/p>\n","protected":false},"excerpt":{"rendered":"<p>Du er hjertelig velkommen! Deltagelse er pulsen i ethvert fellesskap. WordPress er mer enn fri programvare: Det er et verdensomspennende samfunn og et kjempestort \u00f8kosystem. Tusenvis av brukere rundt om i verden hjelper til med \u00e5 utvikle WordPress, gj\u00f8re forbedringer, lage dokumentasjon, drive brukerst\u00f8tte og s\u00e5 videre. Gjennom deltakelsen \u00f8ker nytten og verdien for alle. [&hellip;]<\/p>\n","protected":false},"author":4136995,"featured_media":0,"parent":0,"menu_order":0,"comment_status":"closed","ping_status":"closed","template":"","meta":{"_crdt_document":"","jetpack_post_was_ever_published":false,"footnotes":""},"class_list":["post-304","page","type-page","status-publish","hentry"],"jetpack_sharing_enabled":true,"_links":{"self":[{"href":"https:\/\/nb.wordpress.org\/wp-json\/wp\/v2\/pages\/304","targetHints":{"allow":["GET"]}}],"collection":[{"href":"https:\/\/nb.wordpress.org\/wp-json\/wp\/v2\/pages"}],"about":[{"href":"https:\/\/nb.wordpress.org\/wp-json\/wp\/v2\/types\/page"}],"author":[{"embeddable":true,"href":"https:\/\/nb.wordpress.org\/wp-json\/wp\/v2\/users\/4136995"}],"replies":[{"embeddable":true,"href":"https:\/\/nb.wordpress.org\/wp-json\/wp\/v2\/comments?post=304"}],"version-history":[{"count":11,"href":"https:\/\/nb.wordpress.org\/wp-json\/wp\/v2\/pages\/304\/revisions"}],"predecessor-version":[{"id":392,"href":"https:\/\/nb.wordpress.org\/wp-json\/wp\/v2\/pages\/304\/revisions\/392"}],"wp:attachment":[{"href":"https:\/\/nb.wordpress.org\/wp-json\/wp\/v2\/media?parent=304"}],"curies":[{"name":"wp","href":"https:\/\/api.w.org\/{rel}","templated":true}]}}