{"id":192,"date":"2015-10-06T09:04:34","date_gmt":"2015-10-06T08:04:34","guid":{"rendered":"https:\/\/nb.wordpress.org\/?page_id=192"},"modified":"2019-01-21T23:37:04","modified_gmt":"2019-01-21T22:37:04","slug":"slack","status":"publish","type":"page","link":"https:\/\/nb.wordpress.org\/slack\/","title":{"rendered":"M\u00f8t oss p\u00e5 Slack"},"content":{"rendered":"<p>Slack er et samarbeidsverkt\u00f8y som minner mye om en kraftig forbedring av gamle IRC. Det finnes b\u00e5de en <a href=\"https:\/\/make.wordpress.org\/chat\/\">Slack for utvikling av WordPress<\/a>, og en egen Slack for oss i Norge. B\u00e5de brukere, administratorer, oversettere, utviklere og andre med interesse for WordPress er velkommen.<\/p>\n<p>Har du registrert deg som bruker p\u00e5 wordpress.org er du allerede invitert til Slack:<\/p>\n<ol>\n<li>G\u00e5 til <a href=\"https:\/\/wpno.slack.com\/signup\">https:\/\/wpno.slack.com\/signup<\/a><\/li>\n<li>Bruk <code>dittbrukernavn<\/code><a href='https:\/\/profiles.wordpress.org\/chat\/' class='mention'><span class='mentions-prefix'>@<\/span>chat<\/a>.wordpress.org som din e-postadresse, der <code>dittbrukernavn<\/code> er ditt brukernavn p\u00e5 wordpress.org<\/li>\n<li>Du vil n\u00e5 motta en e-post p\u00e5 e-post adressen du har knyttet til din WordPress.org-bruker<\/li>\n<\/ol>\n<p><img loading=\"lazy\" decoding=\"async\" class=\"alignnone size-large wp-image-197\" src=\"https:\/\/nb.wordpress.org\/files\/2015\/10\/wpno-slack-1024x743.png\" alt=\"wpno-slack\" width=\"692\" height=\"502\" srcset=\"https:\/\/nb.wordpress.org\/files\/2015\/10\/wpno-slack-1024x743.png 1024w, https:\/\/nb.wordpress.org\/files\/2015\/10\/wpno-slack-300x218.png 300w, https:\/\/nb.wordpress.org\/files\/2015\/10\/wpno-slack.png 1218w\" sizes=\"auto, (max-width: 692px) 100vw, 692px\" \/><\/p>\n","protected":false},"excerpt":{"rendered":"<p>Slack er et samarbeidsverkt\u00f8y som minner mye om en kraftig forbedring av gamle IRC. Det finnes b\u00e5de en Slack for utvikling av WordPress, og en egen Slack for oss i Norge. B\u00e5de brukere, administratorer, oversettere, utviklere og andre med interesse for WordPress er velkommen. Har du registrert deg som bruker p\u00e5 wordpress.org er du allerede [&hellip;]<\/p>\n","protected":false},"author":4136995,"featured_media":0,"parent":0,"menu_order":0,"comment_status":"closed","ping_status":"closed","template":"","meta":{"_crdt_document":"","jetpack_post_was_ever_published":false,"footnotes":""},"class_list":["post-192","page","type-page","status-publish","hentry"],"jetpack_sharing_enabled":true,"_links":{"self":[{"href":"https:\/\/nb.wordpress.org\/wp-json\/wp\/v2\/pages\/192","targetHints":{"allow":["GET"]}}],"collection":[{"href":"https:\/\/nb.wordpress.org\/wp-json\/wp\/v2\/pages"}],"about":[{"href":"https:\/\/nb.wordpress.org\/wp-json\/wp\/v2\/types\/page"}],"author":[{"embeddable":true,"href":"https:\/\/nb.wordpress.org\/wp-json\/wp\/v2\/users\/4136995"}],"replies":[{"embeddable":true,"href":"https:\/\/nb.wordpress.org\/wp-json\/wp\/v2\/comments?post=192"}],"version-history":[{"count":7,"href":"https:\/\/nb.wordpress.org\/wp-json\/wp\/v2\/pages\/192\/revisions"}],"predecessor-version":[{"id":398,"href":"https:\/\/nb.wordpress.org\/wp-json\/wp\/v2\/pages\/192\/revisions\/398"}],"wp:attachment":[{"href":"https:\/\/nb.wordpress.org\/wp-json\/wp\/v2\/media?parent=192"}],"curies":[{"name":"wp","href":"https:\/\/api.w.org\/{rel}","templated":true}]}}