{"id":7,"date":"2014-09-29T12:58:18","date_gmt":"2014-09-29T12:58:18","guid":{"rendered":"https:\/\/lt.wordpress.org\/contact\/"},"modified":"2017-12-09T12:54:09","modified_gmt":"2017-12-09T12:54:09","slug":"contact","status":"publish","type":"page","link":"https:\/\/lt.wordpress.org\/contact\/","title":{"rendered":"Susisiekti"},"content":{"rendered":"<p>Su lietuvi\u0161ko vertimo komanda ir \u0161io tinklalapio administratoriais galite susisiekti naudodami form\u0105 \u017eemiau.<\/p>\n<div data-test='contact-form'\n\t\t\tid='contact-form-7'\n\t\t\tclass='wp-block-jetpack-contact-form-container '\n\t\t\tdata-wp-interactive='jetpack\/form' data-wp-context='{\"formId\":\"7\",\"formHash\":\"4c382d724bcd3b598cd3e8ff14eb4ac18b1a2969\",\"showErrors\":false,\"errors\":[],\"fields\":[],\"isMultiStep\":false,\"useAjax\":true,\"submissionData\":null,\"formattedSubmissionData\":[],\"submissionSuccess\":false,\"submissionError\":null,\"elementId\":\"jp-form-4c382d724bcd3b598cd3e8ff14eb4ac18b1a2969\",\"isSingleInputForm\":false}'\n\t\t\tdata-wp-watch--scroll-to-wrapper=\"callbacks.scrollToWrapper\"\n\t\t>\n<div class=\"contact-form-submission contact-form-ajax-submission\" data-wp-bind--aria-hidden=\"state.isSuccessMessageAriaHidden\" data-wp-class--submission-success=\"context.submissionSuccess\" id=\"contact-form-success-4c382d724bcd3b598cd3e8ff14eb4ac18b1a2969\" tabindex=\"-1\" aria-labelledby=\"contact-form-success-header-4c382d724bcd3b598cd3e8ff14eb4ac18b1a2969\"><p class=\"go-back-message\"><a class=\"link\" role=\"button\" tabindex=\"0\" data-wp-on--click=\"actions.goBack\" href=\"\/wp-json\/wp\/v2\/pages\/7\"><span aria-hidden=\"true\" class=\"wp-exclude-emoji\">\u2190<\/span> Back<\/a><\/p><h4 data-wp-bind--aria-hidden=\"state.isSuccessMessageAriaHidden\" id=\"contact-form-success-header-4c382d724bcd3b598cd3e8ff14eb4ac18b1a2969\">Your message has been sent<\/h4>\n\n<template data-wp-each--submission=\"context.formattedSubmissionData\">\n\t\t\t\t\t<div class=\"jetpack_forms_contact-form-success-summary\">\n\t\t\t\t\t\t<div class=\"field-name\" data-wp-text=\"context.submission.label\" data-wp-bind--hidden=\"!context.submission.label\"><\/div>\n\t\t\t\t\t\t<div class=\"field-value\" data-wp-text=\"context.submission.value\" data-wp-bind--hidden=\"!context.submission.showPlainValue\"><\/div>\n\t\t\t\t\t\t<a class=\"field-url\" data-wp-bind--href=\"context.submission.url\" data-wp-text=\"context.submission.value\" data-wp-bind--hidden=\"!context.submission.url\" target=\"_blank\" rel=\"noopener noreferrer\"><\/a>\n\t\t\t\t\t\t<div class=\"field-rating\" data-wp-bind--hidden=\"!context.submission.rating\" data-wp-watch=\"callbacks.watchRatingIcons\"><\/div>\n\t\t\t\t\t\t<div class=\"field-images\" data-wp-bind--hidden=\"!context.submission.images\">\n\t\t\t\t\t\t\t<template data-wp-each--image=\"context.submission.images\">\n\t\t\t\t\t\t\t\t<div class=\"field-image-option\" data-wp-class--is-empty=\"!context.image.src\">\n\t\t\t\t\t\t\t\t\t<figure class=\"field-image-option__image\" data-wp-class--is-empty=\"!context.image.src\">\n\t\t\t\t\t\t\t\t\t\t<img data-wp-bind--src=\"context.image.src\" data-wp-bind--hidden=\"!context.image.src\" \/>\n\t\t\t\t\t\t\t\t\t\t<img decoding=\"async\" src=\"data:image\/gif;base64,R0lGODlhAQABAAD\/ACwAAAAAAQABAAACADs=\" data-wp-bind--hidden=\"context.image.src\" \/>\n\t\t\t\t\t\t\t\t\t<\/figure>\n\t\t\t\t\t\t\t\t\t<div class=\"field-image-option__label-wrapper\">\n\t\t\t\t\t\t\t\t\t\t<span class=\"field-image-option__label-code\" data-wp-text=\"context.image.letterCode\"><\/span>\n\t\t\t\t\t\t\t\t\t\t<span class=\"field-image-option__label\" data-wp-text=\"context.image.label\" data-wp-bind--hidden=\"!context.image.label\"><\/span>\n\t\t\t\t\t\t\t\t\t<\/div>\n\t\t\t\t\t\t\t\t<\/div>\n\t\t\t\t\t\t\t<\/template>\n\t\t\t\t\t\t<\/div>\n\t\t\t\t\t\t<div class=\"field-files\" data-wp-bind--hidden=\"!context.submission.files\">\n\t\t\t\t\t\t\t<template data-wp-each--file=\"context.submission.files\">\n\t\t\t\t\t\t\t\t<div class=\"field-file\">\n\t\t\t\t\t\t\t\t\t<div class=\"field-file__thumbnail\" data-wp-style--background-image=\"context.file.previewUrl\" data-wp-style--mask-image=\"context.file.iconUrl\" data-wp-bind--hidden=\"!context.file.hasPreview\"><\/div>\n\t\t\t\t\t\t\t\t\t<svg class=\"field-file__icon\" data-wp-bind--hidden=\"context.file.hasPreview\" width=\"20\" height=\"20\" viewBox=\"0 0 24 24\" fill=\"none\" xmlns=\"http:\/\/www.w3.org\/2000\/svg\" aria-hidden=\"true\">\n\t\t\t\t\t\t\t\t\t\t<path d=\"M14 2H6C4.9 2 4 2.9 4 4V20C4 21.1 4.89 22 5.99 22H18C19.1 22 20 21.1 20 20V8L14 2ZM18 20H6V4H13V9H18V20Z\" fill=\"currentColor\"\/>\n\t\t\t\t\t\t\t\t\t<\/svg>\n\t\t\t\t\t\t\t\t\t<span class=\"field-file__name\" data-wp-text=\"context.file.name\"><\/span>\n\t\t\t\t\t\t\t\t\t<span class=\"field-file__size\" data-wp-text=\"context.file.size\"><\/span>\n\t\t\t\t\t\t\t\t<\/div>\n\t\t\t\t\t\t\t<\/template>\n\t\t\t\t\t\t<\/div>\n\t\t\t\t\t<\/div>\n\t\t\t\t<\/template><\/div><form action='https:\/\/lt.wordpress.org\/contact\/'\n\t\t\t\tid='jp-form-4c382d724bcd3b598cd3e8ff14eb4ac18b1a2969'\n\t\t\t\tmethod='post'\n\t\t\t\tclass='contact-form commentsblock' aria-label=\"Susisiekti\"\n\t\t\t\tdata-wp-on--submit=\"actions.onFormSubmit\"\n\t\t\t\tdata-wp-on--reset=\"actions.onFormReset\"\n\t\t\t\tdata-wp-class--submission-success=\"context.submissionSuccess\"\n\t\t\t\tdata-wp-class--is-first-step=\"state.isFirstStep\"\n\t\t\t\tdata-wp-class--is-last-step=\"state.isLastStep\"\n\t\t\t\tdata-wp-class--is-ajax-form=\"context.useAjax\"\n\t\t\t\tnovalidate >\n<input type='hidden' name='jetpack_contact_form_jwt' value='eyJ0eXAiOiJKV1QiLCJhbGciOiJIUzI1NiJ9.eyJlbmNyeXB0ZWRfYXR0cmlidXRlcyI6Ikd4alh5amdZUUgxeTFKV3NmR1FmbFVoaklhUmVxcTdodFFyVkhCSzVVOUNidm5OUGZ2bHlyYXlJUE9STFhpdHNKeFNhRlRjVGRSeFM0ZDlwSDd0VTZ5Nk5hcElPTGFCMkhWTmRNU0VpNUJ2NlY2OVNHbnN0UXA2RlpJR3hMZmNTaVUxTUQzWitQNDh6ZVlnOFB0Yk9FUzlNTGQzK1FiV2dZRWtOQVRpVzY4bmJleEtBa2dWNGdJemVDdlAzbmhHeVN4d25qbHB5cCtnUGJEWXgxODJVckdvVXQ0SHpwQXJ6QmZCSzRhNEgrbFRTZlgxQlltdDhTbWZxN2xXdjlFdm0wVThjUXlvUkFDWFhHQ0NtdmNFZ1NhOUY3OXptaVg2L1hMZGVVSzM5K2ZpckRqRFhDNTREbGRFNlNONG1xcW9HREs0QkwyamFBQ0JmSFljNm5QTjcyU2o2a3VwR0t3UVc5MzJrUVNqY1kyaWZmZm13U0graFcxSG45YUpQa3VOTmlFOXVBMnFSb2JqRVBYQUp0aUg3di9xbWM4Y0N1NzZ0RWY4bjhBaUtkSHBVOXZMWUtsVFRrc2tvbG5QanEwS2JmRDVLK2ZUMlJoVng2NmFSWGxkL2VpYzJiVCtab2xTbnFtT1d2ZThLellJU1c2TFBjTkw3RFo0UE0vUXhkTktJc2c5S1lmNmZkcFI0VjlZOGIxZ2R0cDB2VEt4VmJWbkZac24yWEpibnlhOGRBTkdidDdrU25FbWtpRlAzMTBRaXFBWjAzK3dUdVRaQWpVa1h1NXNlMFBUVzhVVGdWMk5jRVkwTFN3VTUxd1ZZYlIwWTNlemtneTZSbHhQU1RBdmZ5Q1RVeGhkL2hJaEhwcEVKOGptSmdFRnQ2blNIM1gwUnZPRGwxcHZ1cHJuS3lyVWdPT21Sek14cW8rOXRKcUkveGtBOHZvOThOZjNROGNTcFZ3NDlWenNSYlVmYWFISTdBZGc5Vlpiek5WK1haOHEyRzA2NmZTRnRXdmJRZTVqOE9zRURxeE9BQnFDRFV2WC9najJCdkVQR250dEp5WHBkZXd1RDV2UmxYbHJEajNWOTJLclh1Qy9ybmZUZlVXUHdYak9NUENtVDVpUTlIOEhjOE5xUkt2ejRXV0RVWFQyMGZwN3lIMGpXMWQwMzFDST0iLCJjb250ZW50IjoiW2NvbnRhY3QtZmllbGQgbGFiZWw9XCJKXHUwMTZic1x1MDE3MyB2YXJkYXNcIiB0eXBlPVwibmFtZVwiIHJlcXVpcmVkPVwidHJ1ZVwiIC9dW2NvbnRhY3QtZmllbGQgbGFiZWw9XCJKXHUwMTZic1x1MDE3MyBlbC5wYVx1MDE2MXRhc1wiIHR5cGU9XCJlbWFpbFwiIHJlcXVpcmVkPVwidHJ1ZVwiIC9dW2NvbnRhY3QtZmllbGQgbGFiZWw9XCJKXHUwMTZic1x1MDE3MyBcdTAxN2VpbnV0XHUwMTE3XCIgdHlwZT1cInRleHRhcmVhXCIgcmVxdWlyZWQ9XCJ0cnVlXCIgL10iLCJoYXNoIjoiNGMzODJkNzI0YmNkM2I1OThjZDNlOGZmMTRlYjRhYzE4YjFhMjk2OSIsInNvdXJjZSI6eyJlbnRyeV90aXRsZSI6IlN1c2lzaWVrdGkiLCJlbnRyeV9wYWdlIjoxLCJzb3VyY2VfaWQiOjcsInNvdXJjZV90eXBlIjoic2luZ2xlIiwicmVxdWVzdF91cmwiOiJodHRwczovL2x0LndvcmRwcmVzcy5vcmcvd3AtanNvbi93cC92Mi9wYWdlcy83In0sInZlcnNpb24iOjIsImNpcGhlciI6ImFlcy0yNTYtZ2NtIn0.iWPINccnJQau_s3zRDt29d0mnysYeVzDSGtJ8OFXKzg' \/>\n\n<div style=\"\"  data-wp-interactive=\"jetpack\/form\" data-wp-context='{\"fieldId\":\"g7-jsvardas\",\"fieldType\":\"name\",\"fieldLabel\":\"J\\u016bs\\u0173 vardas\",\"fieldValue\":\"\",\"fieldPlaceholder\":\"\",\"fieldIsRequired\":\"1\",\"fieldErrorMessage\":\"\",\"fieldExtra\":[],\"formHash\":\"4c382d724bcd3b598cd3e8ff14eb4ac18b1a2969\"}'  class='grunion-field-name-wrap grunion-field-wrap'  data-wp-init='callbacks.initializeField' data-wp-on--jetpack-form-reset='callbacks.initializeField' >\n<label\n\t\t\t\tfor='g7-jsvardas' class=\"grunion-field-label name\" >J\u016bs\u0173 vardas<span class=\"grunion-label-required\" aria-hidden=\"true\">(b\u016btina)<\/span><\/label>\n<input\n\t\t\t\t\ttype='text'\n\t\t\t\t\tname='g7-jsvardas'\n\t\t\t\t\tid='g7-jsvardas'\n\t\t\t\t\tvalue=''\n\n\t\t\t\t\tdata-wp-bind--aria-invalid='state.fieldAriaInvalid'\n\t\t\t\t\tdata-wp-bind--value='state.getFieldValue'\n\t\t\t\t\taria-describedby='g7-jsvardas-text-error-message'\n\t\t\t\t\tdata-wp-on--input='actions.onFieldChange'\n\t\t\t\t\tdata-wp-on--blur='actions.onFieldBlur'\n\t\t\t\t\tdata-wp-class--has-value='state.hasFieldValue'\n\n\t\t\t\t\tclass='name  grunion-field' \n\t\t\t\t\trequired='true' aria-required='true'  \/>\n \n\t\t\t<div id=\"g7-jsvardas-text-error\" class=\"contact-form__input-error\" data-wp-class--has-errors=\"state.fieldHasErrors\">\n\t\t\t\t<span class=\"contact-form__warning-icon\" aria-hidden=\"true\">\n\t\t\t\t\t<svg width=\"16\" height=\"16\" viewBox=\"0 0 16 16\" fill=\"none\" xmlns=\"http:\/\/www.w3.org\/2000\/svg\">\n\t\t\t\t\t\t<path d=\"M8.50015 11.6402H7.50015V10.6402H8.50015V11.6402Z\" \/>\n\t\t\t\t\t\t<path d=\"M7.50015 9.64018H8.50015V6.30684H7.50015V9.64018Z\" \/>\n\t\t\t\t\t\t<path fill-rule=\"evenodd\" clip-rule=\"evenodd\" d=\"M6.98331 3.0947C7.42933 2.30177 8.57096 2.30177 9.01698 3.09469L13.8771 11.7349C14.3145 12.5126 13.7525 13.4735 12.8602 13.4735H3.14004C2.24774 13.4735 1.68575 12.5126 2.12321 11.7349L6.98331 3.0947ZM8.14541 3.58496C8.08169 3.47168 7.9186 3.47168 7.85488 3.58496L2.99478 12.2251C2.93229 12.3362 3.01257 12.4735 3.14004 12.4735H12.8602C12.9877 12.4735 13.068 12.3362 13.0055 12.2251L8.14541 3.58496Z\" \/>\n\t\t\t\t\t<\/svg>\n\t\t\t\t<\/span>\n\t\t\t\t<span data-wp-text=\"state.errorMessage\" id=\"g7-jsvardas-text-error-message\"><\/span>\n\t\t\t<\/div> \n\t<\/div>\n\n<div style=\"\"  data-wp-interactive=\"jetpack\/form\" data-wp-context='{\"fieldId\":\"g7-jsel-patas\",\"fieldType\":\"email\",\"fieldLabel\":\"J\\u016bs\\u0173 el.pa\\u0161tas\",\"fieldValue\":\"\",\"fieldPlaceholder\":\"\",\"fieldIsRequired\":\"1\",\"fieldErrorMessage\":\"\",\"fieldExtra\":[],\"formHash\":\"4c382d724bcd3b598cd3e8ff14eb4ac18b1a2969\"}'  class='grunion-field-email-wrap grunion-field-wrap'  data-wp-init='callbacks.initializeField' data-wp-on--jetpack-form-reset='callbacks.initializeField' >\n<label\n\t\t\t\tfor='g7-jsel-patas' class=\"grunion-field-label email\" >J\u016bs\u0173 el.pa\u0161tas<span class=\"grunion-label-required\" aria-hidden=\"true\">(b\u016btina)<\/span><\/label>\n<input\n\t\t\t\t\ttype='email'\n\t\t\t\t\tname='g7-jsel-patas'\n\t\t\t\t\tid='g7-jsel-patas'\n\t\t\t\t\tvalue=''\n\n\t\t\t\t\tdata-wp-bind--aria-invalid='state.fieldAriaInvalid'\n\t\t\t\t\tdata-wp-bind--value='state.getFieldValue'\n\t\t\t\t\taria-describedby='g7-jsel-patas-email-error-message'\n\t\t\t\t\tdata-wp-on--input='actions.onFieldChange'\n\t\t\t\t\tdata-wp-on--blur='actions.onFieldBlur'\n\t\t\t\t\tdata-wp-class--has-value='state.hasFieldValue'\n\n\t\t\t\t\tclass='email  grunion-field' \n\t\t\t\t\trequired='true' aria-required='true'  \/>\n \n\t\t\t<div id=\"g7-jsel-patas-email-error\" class=\"contact-form__input-error\" data-wp-class--has-errors=\"state.fieldHasErrors\">\n\t\t\t\t<span class=\"contact-form__warning-icon\" aria-hidden=\"true\">\n\t\t\t\t\t<svg width=\"16\" height=\"16\" viewBox=\"0 0 16 16\" fill=\"none\" xmlns=\"http:\/\/www.w3.org\/2000\/svg\">\n\t\t\t\t\t\t<path d=\"M8.50015 11.6402H7.50015V10.6402H8.50015V11.6402Z\" \/>\n\t\t\t\t\t\t<path d=\"M7.50015 9.64018H8.50015V6.30684H7.50015V9.64018Z\" \/>\n\t\t\t\t\t\t<path fill-rule=\"evenodd\" clip-rule=\"evenodd\" d=\"M6.98331 3.0947C7.42933 2.30177 8.57096 2.30177 9.01698 3.09469L13.8771 11.7349C14.3145 12.5126 13.7525 13.4735 12.8602 13.4735H3.14004C2.24774 13.4735 1.68575 12.5126 2.12321 11.7349L6.98331 3.0947ZM8.14541 3.58496C8.08169 3.47168 7.9186 3.47168 7.85488 3.58496L2.99478 12.2251C2.93229 12.3362 3.01257 12.4735 3.14004 12.4735H12.8602C12.9877 12.4735 13.068 12.3362 13.0055 12.2251L8.14541 3.58496Z\" \/>\n\t\t\t\t\t<\/svg>\n\t\t\t\t<\/span>\n\t\t\t\t<span data-wp-text=\"state.errorMessage\" id=\"g7-jsel-patas-email-error-message\"><\/span>\n\t\t\t<\/div> \n\t<\/div>\n\n<div style=\"\"  data-wp-interactive=\"jetpack\/form\" data-wp-context='{\"fieldId\":\"g7-jsinut\",\"fieldType\":\"textarea\",\"fieldLabel\":\"J\\u016bs\\u0173 \\u017einut\\u0117\",\"fieldValue\":\"\",\"fieldPlaceholder\":\"\",\"fieldIsRequired\":\"1\",\"fieldErrorMessage\":\"\",\"fieldExtra\":[],\"formHash\":\"4c382d724bcd3b598cd3e8ff14eb4ac18b1a2969\"}'  class='grunion-field-textarea-wrap grunion-field-wrap'  data-wp-init='callbacks.initializeField' data-wp-on--jetpack-form-reset='callbacks.initializeField' >\n<label\n\t\t\t\tfor='contact-form-comment-g7-jsinut' class=\"grunion-field-label textarea\" >J\u016bs\u0173 \u017einut\u0117<span class=\"grunion-label-required\" aria-hidden=\"true\">(b\u016btina)<\/span><\/label>\n<textarea\n\t\t                style=''\n\t\t                name='g7-jsinut'\n\t\t                id='contact-form-comment-g7-jsinut'\n\t\t                rows='20'\n\t\t\t\t\t\tdata-wp-text='state.getFieldValue'\n\t\t\t\t\t\tdata-wp-on--input='actions.onFieldChange'\n\t\t\t\t\t\tdata-wp-on--blur='actions.onFieldBlur'\n\t\t\t\t\t\tdata-wp-class--has-value='state.hasFieldValue'\n\t\t\t\t\t\taria-describedby='g7-jsinut-textarea-error-message'\n\t\t\t\t\t\tdata-wp-bind--aria-invalid='state.fieldAriaInvalid'\n\t\t\t\t\t\tclass='textarea  grunion-field'  required aria-required='true'><\/textarea>\n \n\t\t\t<div id=\"g7-jsinut-textarea-error\" class=\"contact-form__input-error\" data-wp-class--has-errors=\"state.fieldHasErrors\">\n\t\t\t\t<span class=\"contact-form__warning-icon\" aria-hidden=\"true\">\n\t\t\t\t\t<svg width=\"16\" height=\"16\" viewBox=\"0 0 16 16\" fill=\"none\" xmlns=\"http:\/\/www.w3.org\/2000\/svg\">\n\t\t\t\t\t\t<path d=\"M8.50015 11.6402H7.50015V10.6402H8.50015V11.6402Z\" \/>\n\t\t\t\t\t\t<path d=\"M7.50015 9.64018H8.50015V6.30684H7.50015V9.64018Z\" \/>\n\t\t\t\t\t\t<path fill-rule=\"evenodd\" clip-rule=\"evenodd\" d=\"M6.98331 3.0947C7.42933 2.30177 8.57096 2.30177 9.01698 3.09469L13.8771 11.7349C14.3145 12.5126 13.7525 13.4735 12.8602 13.4735H3.14004C2.24774 13.4735 1.68575 12.5126 2.12321 11.7349L6.98331 3.0947ZM8.14541 3.58496C8.08169 3.47168 7.9186 3.47168 7.85488 3.58496L2.99478 12.2251C2.93229 12.3362 3.01257 12.4735 3.14004 12.4735H12.8602C12.9877 12.4735 13.068 12.3362 13.0055 12.2251L8.14541 3.58496Z\" \/>\n\t\t\t\t\t<\/svg>\n\t\t\t\t<\/span>\n\t\t\t\t<span data-wp-text=\"state.errorMessage\" id=\"g7-jsinut-textarea-error-message\"><\/span>\n\t\t\t<\/div>\n\t<\/div>\n\t<p class='contact-submit'>\n<div class=\"contact-form__error\" data-wp-class--show-errors=\"state.showFormErrors\"><span class=\"contact-form__warning-icon\" aria-hidden=\"true\"><i><\/i><\/span><span class=\"contact-form__error-message\" tabindex=\"-1\" data-wp-watch=\"callbacks.focusOnValidationError\" data-wp-text=\"state.getFormErrorMessage\"><\/span><ul aria-label=\"Form errors\">\n\t\t\t\t<template data-wp-each=\"state.getErrorList\" data-wp-key=\"context.item.id\">\n\t\t\t\t\t<li><a data-wp-bind--href=\"context.item.anchor\" data-wp-on--click=\"actions.scrollIntoView\" data-wp-text=\"context.item.label\"><\/a><\/li>\n\t\t\t\t<\/template>\n\t\t\t\t<\/ul><\/div><div class=\"contact-form__error\" data-wp-class--show-errors=\"state.showSubmissionError\" data-wp-text=\"context.submissionError\" tabindex=\"-1\" data-wp-watch=\"callbacks.focusOnSubmissionError\"><\/div>\t\t<button type='submit' class='pushbutton-wide'>Pateikti<\/button>\t\t<input type='hidden' name='contact-form-id' value='7' \/>\n\t\t<input type='hidden' name='action' value='grunion-contact-form' \/>\n\t\t<input type='hidden' name='contact-form-hash' value='4c382d724bcd3b598cd3e8ff14eb4ac18b1a2969' \/>\n\t<\/p>\n<p style=\"display: none !important;\" class=\"akismet-fields-container\" data-prefix=\"ak_\"><label>&#916;<textarea name=\"ak_hp_textarea\" cols=\"45\" rows=\"8\" maxlength=\"100\"><\/textarea><\/label><input type=\"hidden\" id=\"ak_js_1\" name=\"ak_js\" value=\"83\"\/><script>\ndocument.getElementById( \"ak_js_1\" ).setAttribute( \"value\", ( new Date() ).getTime() );\n<\/script>\n<\/p><\/form>\n<\/div>\n<p><strong>Pra\u0161ome nenaudoti \u0161ios formos pagalbos pra\u0161ymams! Jie bus ignoruojami.<\/strong><\/p>\n<p>Nor\u0117dami gauti pagalbos su WordPress, pasinaudokite viena i\u0161 \u0161i\u0173 galimybi\u0173:<\/p>\n<ul>\n<li>paskelbkite savo klausim\u0105 <a href=\"https:\/\/wordpress.org\/support\/\" target=\"_blank\" rel=\"noopener\">oficialiame WordPress forume (angl\u0173 kalba)<\/a><\/li>\n<li>paskelbkite savo klausim\u0105 lietuvi\u0161kose WordPress vartotoj\u0173 grup\u0117se ir puslapiuose, pavyzd\u017eiui <a href=\"https:\/\/www.facebook.com\/groups\/wordcamplt\/\" target=\"_blank\" rel=\"noopener\">https:\/\/www.facebook.com\/groups\/wordcamplt\/<\/a> arba\u00a0<a href=\"https:\/\/www.facebook.com\/kodopoetai\/\" target=\"_blank\" rel=\"noopener\">https:\/\/www.facebook.com\/kodopoetai\/<\/a><\/li>\n<li>papra\u0161ykite pagalbos Kodo Poet\u0173 Slack kanale, prisijungti prie jo galite \u010dia:\u00a0<a href=\"https:\/\/kodopoetai.typeform.com\/to\/je5Yxp\" target=\"_blank\" rel=\"noopener\">https:\/\/kodopoetai.typeform.com\/to\/je5Yxp<\/a><\/li>\n<li>prisijunkite prie <a href=\"https:\/\/kodopoetai.lt\/naujienos\/dalyvauk-lietuvos-wordpress-bendruomenes-veikloje\/\" target=\"_blank\" rel=\"noopener\">Lietuvos WordPress naudotoj\u0173 asociacijos Kodo Poetai<\/a> ir bendruomen\u0117 Jums pad\u0117s!<\/li>\n<\/ul>\n","protected":false},"excerpt":{"rendered":"<p>Su lietuvi\u0161ko vertimo komanda ir \u0161io tinklalapio administratoriais galite susisiekti naudodami form\u0105 \u017eemiau. Pra\u0161ome nenaudoti \u0161ios formos pagalbos pra\u0161ymams! Jie bus ignoruojami. Nor\u0117dami gauti pagalbos su WordPress, pasinaudokite viena i\u0161 \u0161i\u0173 galimybi\u0173: paskelbkite savo klausim\u0105 oficialiame WordPress forume (angl\u0173 kalba) paskelbkite savo klausim\u0105 lietuvi\u0161kose WordPress vartotoj\u0173 grup\u0117se ir puslapiuose, pavyzd\u017eiui https:\/\/www.facebook.com\/groups\/wordcamplt\/ arba\u00a0https:\/\/www.facebook.com\/kodopoetai\/ papra\u0161ykite pagalbos Kodo [&hellip;]<\/p>\n","protected":false},"author":13984478,"featured_media":0,"parent":0,"menu_order":0,"comment_status":"closed","ping_status":"closed","template":"","meta":{"_crdt_document":"","jetpack_post_was_ever_published":false,"footnotes":""},"class_list":["post-7","page","type-page","status-publish","hentry"],"jetpack_sharing_enabled":true,"_links":{"self":[{"href":"https:\/\/lt.wordpress.org\/wp-json\/wp\/v2\/pages\/7","targetHints":{"allow":["GET"]}}],"collection":[{"href":"https:\/\/lt.wordpress.org\/wp-json\/wp\/v2\/pages"}],"about":[{"href":"https:\/\/lt.wordpress.org\/wp-json\/wp\/v2\/types\/page"}],"author":[{"embeddable":true,"href":"https:\/\/lt.wordpress.org\/wp-json\/wp\/v2\/users\/13984478"}],"replies":[{"embeddable":true,"href":"https:\/\/lt.wordpress.org\/wp-json\/wp\/v2\/comments?post=7"}],"version-history":[{"count":8,"href":"https:\/\/lt.wordpress.org\/wp-json\/wp\/v2\/pages\/7\/revisions"}],"predecessor-version":[{"id":246,"href":"https:\/\/lt.wordpress.org\/wp-json\/wp\/v2\/pages\/7\/revisions\/246"}],"wp:attachment":[{"href":"https:\/\/lt.wordpress.org\/wp-json\/wp\/v2\/media?parent=7"}],"curies":[{"name":"wp","href":"https:\/\/api.w.org\/{rel}","templated":true}]}}