{"id":7,"date":"2012-05-03T15:33:03","date_gmt":"2012-05-03T15:33:03","guid":{"rendered":"http:\/\/ga.wordpress.org\/contact\/"},"modified":"2014-07-01T08:08:26","modified_gmt":"2014-07-01T08:08:26","slug":"contact","status":"publish","type":"page","link":"https:\/\/ga.wordpress.org\/contact\/","title":{"rendered":"Teangmh\u00e1il"},"content":{"rendered":"<p>Cuirfear an m\u00e9id a scr\u00edobhas t\u00fa anseo ar aghaidh chuig an dream at\u00e1 ag aistri\u00fa WordPress go Gaeilge\u2026<\/p>\n","protected":false},"excerpt":{"rendered":"<p>Cuirfear an m\u00e9id a scr\u00edobhas t\u00fa anseo ar aghaidh chuig an dream at\u00e1 ag aistri\u00fa WordPress go Gaeilge\u2026<\/p>\n","protected":false},"author":113620,"featured_media":0,"parent":0,"menu_order":0,"comment_status":"open","ping_status":"open","template":"contact.php","meta":{"_crdt_document":"","jetpack_post_was_ever_published":false,"footnotes":""},"class_list":["post-7","page","type-page","status-publish","hentry"],"jetpack_sharing_enabled":true,"_links":{"self":[{"href":"https:\/\/ga.wordpress.org\/wp-json\/wp\/v2\/pages\/7","targetHints":{"allow":["GET"]}}],"collection":[{"href":"https:\/\/ga.wordpress.org\/wp-json\/wp\/v2\/pages"}],"about":[{"href":"https:\/\/ga.wordpress.org\/wp-json\/wp\/v2\/types\/page"}],"replies":[{"embeddable":true,"href":"https:\/\/ga.wordpress.org\/wp-json\/wp\/v2\/comments?post=7"}],"version-history":[{"count":4,"href":"https:\/\/ga.wordpress.org\/wp-json\/wp\/v2\/pages\/7\/revisions"}],"predecessor-version":[{"id":52,"href":"https:\/\/ga.wordpress.org\/wp-json\/wp\/v2\/pages\/7\/revisions\/52"}],"author":[{"embeddable":true,"href":"https:\/\/ga.wordpress.org\/wp-json\/wporg\/v1\/users\/vanillalounge"}],"wp:attachment":[{"href":"https:\/\/ga.wordpress.org\/wp-json\/wp\/v2\/media?parent=7"}],"curies":[{"name":"wp","href":"https:\/\/api.w.org\/{rel}","templated":true}]}}