{"id":146,"date":"2013-12-29T17:30:22","date_gmt":"2013-12-29T17:30:22","guid":{"rendered":"http:\/\/et.wordpress.org\/?page_id=146"},"modified":"2013-12-29T22:58:00","modified_gmt":"2013-12-29T22:58:00","slug":"tolkespikker","status":"publish","type":"page","link":"https:\/\/et.wordpress.org\/tolkespikker\/","title":{"rendered":"T\u00f5lkespikker"},"content":{"rendered":"<p>T\u00e4nud huvi tundmast &#8211; WordPressi t\u00f5lkimisega ei tegele mitte Kommunaalamet vaid kasutajate kommuun ning ilmselt on see k\u00f5ige lihtsam v\u00f5imalus abiks olla, sest pole vaja tunda ei HTMLi, CSSi ega PHPd. Pole vaja isegi midagi oma arvutisse installida &#8211; k\u00f5ik toimub veebis Glotpressi abil aadressil\u00a0<a href=\"https:\/\/translate.wordpress.org\/projects\/wp\/dev\">https:\/\/translate.wordpress.org\/projects\/wp\/dev<\/a>. Vali aga kaast\u00f6\u00f6d vajav alajaotus, tee konto v\u00f5i logi sisse oma wordpress.org foorumite kasutajaga ning vali &#8220;Untranslated&#8221; n\u00e4gemaks t\u00f5lkimist vajavaid tekste. Kui oled portsu t\u00f6\u00f6d tehtud saanud v\u00f5id kirjutada\u00a0pets@tehnokratt.net ja paluda t\u00f5lgete aktsepteerimist \/ toimetamist.<\/p>\n<p>T\u00f5lkele on kindlasti lihtsam kaasa aidata, kui korduma kippuvad fraasid on mugavalt leitavad ja kokku lepitud. Kui midagi puudu tundub olevat &#8211; lisa kommentaaridesse v\u00f5i saada pets@tehnokratt.net (t\u00e4nud ette jne).<\/p>\n<p>NB! Kui t\u00f5lkes on terminik\u00fcsimus mida ei suuda lahendada t\u00e4hista see kolme trelliga ja j\u00e4ta s\u00f5na t\u00f5lkimata (###whadamagrok) &#8211; siis on t\u00f5lgete heakskiitjal lihtne m\u00e4rgata ja otsida.<\/p>\n<ul>\n<li>WordPress, WordPressi, WordPressile &#8211; kasutame k\u00e4\u00e4namisel \u00fclakomata versiooni (ja otseloomulikult on keskel suur P)<\/li>\n<li>Kasutajaliidese elementide (m\u00e4rkeruut, sakk jne) puhul kasutame v\u00f5imalusel\u00a0<a href=\"http:\/\/www.vallaste.ee\">http:\/\/www.vallaste.ee<\/a> soovitusi<\/li>\n<li>Post &#8211; postitus, Page &#8211; leht, Link &#8211; viide, Media &#8211; meedia<\/li>\n<li>Draft &#8211; mustand<\/li>\n<li>Desktop &#8211; t\u00f6\u00f6laud, Appearance &#8211; v\u00e4limus, Widget &#8211; moodul, Plugin &#8211; plugin (pluginad jne), Sidebar &#8211; k\u00fclgpaan<\/li>\n<li>Featured image &#8211; tunnuspilt<\/li>\n<li>Mitmuse kasutuskohaks (t\u00f5lkeks pakutakse 2 lahtrit, sisu kujul &#8220;%s page&#8221; \/ &#8220;%s pages&#8221;) on harilikult loetelud, seega tuleks t\u00f5lkida mitte leht \/ lehed vaid &#8220;%s leht&#8221; \/ &#8220;%s lehte&#8221; (1 leht \/ 5 lehte)<\/li>\n<li>Spam &#8211; sp\u00e4mm (sest kommentaaride juures on k\u00f5rvuti spam ja trash mist\u00f5ttu r\u00e4mps ja pr\u00fcgi olid arusaamatud)<\/li>\n<li>on, ltr &#8211; mitmel puhul on t\u00f5lge kasutusel m\u00e4\u00e4ramaks nt mingi kirjat\u00fc\u00fcbi kasutamist (kas selles on olemas k\u00f5ik vajalikud s\u00fcmbolid) v\u00f5i teksti suunda, mist\u00f5ttu v\u00f5ib olla vaja t\u00f5lkimise asemel anda v\u00e4\u00e4rtuseks off v\u00f5i rtl; harilikult on lisatud kommentaar t\u00f5lkijale, aga vahel on vaja l\u00e4htekoodist vaadata (kui kahtled &#8211; j\u00e4ta t\u00f5lkimata)<\/li>\n<li>F Y j &#8211; m\u00f5nes kohas v\u00f5ib olla vajalik m\u00e4\u00e4rata ajaformaat PHPle sobilikul viisil\u00a0(kui kahtled &#8211; j\u00e4ta t\u00f5lkimata)<\/li>\n<\/ul>\n<p>Vaja tegeleda:<\/p>\n<ul>\n<li>&#8220;Ekraaniseaded&#8221; &#8211; mujal tekstis oleme kasutanud admini alamlehtede kohta s\u00f5na &#8220;leht&#8221;, \u00e4kki lehe seaded? Samuti on hetkel mitut moodi juttu lehel olevatest &#8220;box&#8221;idest&#8230;<\/li>\n<\/ul>\n","protected":false},"excerpt":{"rendered":"<p>T\u00e4nud huvi tundmast &#8211; WordPressi t\u00f5lkimisega ei tegele mitte Kommunaalamet vaid kasutajate kommuun ning ilmselt on see k\u00f5ige lihtsam v\u00f5imalus abiks olla, sest pole vaja tunda ei HTMLi, CSSi ega PHPd. Pole vaja isegi midagi oma arvutisse installida &#8211; k\u00f5ik toimub veebis Glotpressi abil aadressil\u00a0https:\/\/translate.wordpress.org\/projects\/wp\/dev. Vali aga kaast\u00f6\u00f6d vajav alajaotus, tee konto v\u00f5i logi sisse [&hellip;]<\/p>\n","protected":false},"author":6707509,"featured_media":0,"parent":0,"menu_order":0,"comment_status":"open","ping_status":"open","template":"","meta":{"_crdt_document":"","jetpack_post_was_ever_published":false,"footnotes":""},"class_list":["post-146","page","type-page","status-publish","hentry"],"jetpack_sharing_enabled":true,"_links":{"self":[{"href":"https:\/\/et.wordpress.org\/wp-json\/wp\/v2\/pages\/146","targetHints":{"allow":["GET"]}}],"collection":[{"href":"https:\/\/et.wordpress.org\/wp-json\/wp\/v2\/pages"}],"about":[{"href":"https:\/\/et.wordpress.org\/wp-json\/wp\/v2\/types\/page"}],"author":[{"embeddable":true,"href":"https:\/\/et.wordpress.org\/wp-json\/wp\/v2\/users\/6707509"}],"replies":[{"embeddable":true,"href":"https:\/\/et.wordpress.org\/wp-json\/wp\/v2\/comments?post=146"}],"version-history":[{"count":6,"href":"https:\/\/et.wordpress.org\/wp-json\/wp\/v2\/pages\/146\/revisions"}],"predecessor-version":[{"id":156,"href":"https:\/\/et.wordpress.org\/wp-json\/wp\/v2\/pages\/146\/revisions\/156"}],"wp:attachment":[{"href":"https:\/\/et.wordpress.org\/wp-json\/wp\/v2\/media?parent=146"}],"curies":[{"name":"wp","href":"https:\/\/api.w.org\/{rel}","templated":true}]}}