{"id":364,"date":"2017-01-08T21:35:41","date_gmt":"2017-01-08T21:35:41","guid":{"rendered":"https:\/\/ca.wordpress.org\/?page_id=364"},"modified":"2018-12-17T11:40:04","modified_gmt":"2018-12-17T11:40:04","slug":"collabora","status":"publish","type":"page","link":"https:\/\/ca.wordpress.org\/collabora\/","title":{"rendered":"Col\u00b7labora"},"content":{"rendered":"\n<p class=\"wp-block-paragraph\">Voleu col\u00b7laborar en la traducci\u00f3 del WordPress en catal\u00e0? Esteu interessats a formar part de la comunitat catalanoparlant del WordPress i ajudar altres usuaris?<\/p>\n\n\n\n<p class=\"wp-block-paragraph\">La comunitat de traducci\u00f3 del WordPress al catal\u00e0 ens organitzem a trav\u00e9s d&#8217;una llista de correu de Google Groups, a la qual us podeu inscriure des d&#8217;<a href=\"http:\/\/groups.google.com\/group\/wp-cat?hl=ca\">ac\u00ed mateix: wp-cat<\/a>.<\/p>\n\n\n\n<p class=\"wp-block-paragraph\">Relatiu al proc\u00e9s de traducci\u00f3, en <a href=\"https:\/\/ca.wordpress.org\/collabora\/traduccions\/\">aquesta p\u00e0gina trobareu informaci\u00f3\u00a0relativa a eines i documents<\/a>\u00a0que us poden ser \u00fatils en el proc\u00e9s de traducci\u00f3, tant del WordPress com dels seus temes i extensions.<\/p>\n\n\n\n<p class=\"wp-block-paragraph\"><a href=\"http:\/\/groups.google.com\/group\/wp-cat?hl=ca\">Inscriviu-vos<\/a>, i feu-ne cinc c\u00e8ntims de qui sou i en qu\u00e8 podeu ajudar!<\/p>\n\n\n\n<figure class=\"wp-block-image\"><img loading=\"lazy\" decoding=\"async\" width=\"1024\" height=\"682\" src=\"https:\/\/ca.wordpress.org\/files\/2018\/12\/i18n-t10n-contributorday-wpbcn2018-1024x682.jpg\" alt=\"\" class=\"wp-image-548\" srcset=\"https:\/\/ca.wordpress.org\/files\/2018\/12\/i18n-t10n-contributorday-wpbcn2018-1024x682.jpg 1024w, https:\/\/ca.wordpress.org\/files\/2018\/12\/i18n-t10n-contributorday-wpbcn2018-300x200.jpg 300w, https:\/\/ca.wordpress.org\/files\/2018\/12\/i18n-t10n-contributorday-wpbcn2018-768x512.jpg 768w, https:\/\/ca.wordpress.org\/files\/2018\/12\/i18n-t10n-contributorday-wpbcn2018.jpg 1400w\" sizes=\"auto, (max-width: 1024px) 100vw, 1024px\" \/><figcaption><br>Foto d&#8217;<strong><a href=\"https:\/\/www.behance.net\/gallery\/71033607\/Contributor-Day\">\u00c1lex Calfer<\/a><\/strong>, durant la Contributor Day de la WordCamp BCN 2018<\/figcaption><\/figure>\n","protected":false},"excerpt":{"rendered":"<p>Voleu col\u00b7laborar en la traducci\u00f3 del WordPress en catal\u00e0? Esteu interessats a formar part de la comunitat catalanoparlant del WordPress i ajudar altres usuaris? La comunitat de traducci\u00f3 del WordPress al catal\u00e0 ens organitzem a trav\u00e9s d&#8217;una llista de correu de Google Groups, a la qual us podeu inscriure des d&#8217;ac\u00ed mateix: wp-cat. Relatiu al [&hellip;]<\/p>\n","protected":false},"author":104017,"featured_media":0,"parent":0,"menu_order":0,"comment_status":"closed","ping_status":"closed","template":"","meta":{"_crdt_document":"","jetpack_post_was_ever_published":false,"footnotes":""},"class_list":["post-364","page","type-page","status-publish","hentry"],"jetpack_sharing_enabled":true,"_links":{"self":[{"href":"https:\/\/ca.wordpress.org\/wp-json\/wp\/v2\/pages\/364","targetHints":{"allow":["GET"]}}],"collection":[{"href":"https:\/\/ca.wordpress.org\/wp-json\/wp\/v2\/pages"}],"about":[{"href":"https:\/\/ca.wordpress.org\/wp-json\/wp\/v2\/types\/page"}],"author":[{"embeddable":true,"href":"https:\/\/ca.wordpress.org\/wp-json\/wp\/v2\/users\/104017"}],"replies":[{"embeddable":true,"href":"https:\/\/ca.wordpress.org\/wp-json\/wp\/v2\/comments?post=364"}],"version-history":[{"count":5,"href":"https:\/\/ca.wordpress.org\/wp-json\/wp\/v2\/pages\/364\/revisions"}],"predecessor-version":[{"id":550,"href":"https:\/\/ca.wordpress.org\/wp-json\/wp\/v2\/pages\/364\/revisions\/550"}],"wp:attachment":[{"href":"https:\/\/ca.wordpress.org\/wp-json\/wp\/v2\/media?parent=364"}],"curies":[{"name":"wp","href":"https:\/\/api.w.org\/{rel}","templated":true}]}}